{"id":185,"date":"2024-02-14T17:49:39","date_gmt":"2024-02-14T17:49:39","guid":{"rendered":"https:\/\/www.hasag.pl\/?page_id=185"},"modified":"2025-02-27T23:02:11","modified_gmt":"2025-02-27T23:02:11","slug":"memorial","status":"publish","type":"page","link":"https:\/\/www.hasag.pl\/?page_id=185","title":{"rendered":"Miejsce pami\u0119ci"},"content":{"rendered":"\n<h2 class=\"wp-block-heading has-text-align-center has-large-font-size\">Tablica  pami\u0105tkowa<\/h2>\n\n\n\n<p class=\"has-text-align-center has-medium-font-size\">W 2009 roku z inicjatywy by\u0142ego wi\u0119\u017ania obozu Zygmunta Rolata oraz dzi\u0119ki dofinansowaniu Krzysztofa Strausa i Henryka Libickiego powsta\u0142a okaza\u0142ych rozmiar\u00f3w pami\u0105tkowa marmurowa tablica, umieszczona na jednej ze \u015bcian budynku, kt\u00f3ry w czasie wojny funkcjonowa\u0142 jako budynek dzia\u0142u gospodarczego. Tablica upami\u0119tnia m\u0119cze\u0144stwo \u017cyd\u00f3w w obozie pracy HASAG Apparatebau \u201ePelcery\u201d. Tre\u015b\u0107 na tablicy napisana jest w czterech j\u0119zykach: polskim, hebrajskim, jidysz i angielskim. Jej uroczyste ods\u0142oni\u0119cie mia\u0142o miejsce 20 pa\u017adziernika 2009 roku i odbi\u0142o si\u0119 wielkich echem w Cz\u0119stochowie. Tablica zosta\u0142a wykonana  w ca\u0142o\u015bci z piaskowca specjalnie sprowadzonego z Egiptu.<\/p>\n\n\n\n<p class=\"has-text-align-center has-medium-font-size\">Poni\u017cej tablicy, z lewej strony umieszczono  mniejsz\u0105 tablic\u0119 wykonan\u0105 z tworzywa sztucznego<sup data-fn=\"df1580c1-9b02-43d1-9ca6-6e762a7a288b\" class=\"fn\"><a href=\"#df1580c1-9b02-43d1-9ca6-6e762a7a288b\" id=\"df1580c1-9b02-43d1-9ca6-6e762a7a288b-link\">1<\/a><\/sup> z wierszem napisanym przez \u017cydowskiego ch\u0142opca w getcie cz\u0119stochowskim w 1941 roku.&nbsp;<\/p>\n\n\n\n<p class=\"has-text-align-center has-medium-font-size\">Tre\u015b\u0107 mniejszej tablicy:&nbsp;<\/p>\n\n\n\n<div class=\"wp-block-group is-vertical is-content-justification-center is-layout-flex wp-container-core-group-layout-1 wp-block-group-is-layout-flex\">\n<blockquote class=\"wp-block-quote has-medium-font-size\">\n<p class=\"has-text-align-center\">Jestem cz\u0142owiekiem&nbsp;<\/p>\n\n\n\n<p class=\"has-text-align-center\">Od jutra b\u0119d\u0119 smutny, od jutra&nbsp;<\/p>\n\n\n\n<p class=\"has-text-align-center\">Dzisiaj jednak b\u0119d\u0119 szcz\u0119\u015bliwy:&nbsp;<\/p>\n\n\n\n<p class=\"has-text-align-center\">Do czego s\u0142u\u017cy smutek, do czego ?&nbsp;<\/p>\n\n\n\n<p class=\"has-text-align-center\">Dlatego, \u017ce wieje nieprzychylny wiatr ?&nbsp;<\/p>\n\n\n\n<p class=\"has-text-align-center\">Dlaczego mam si\u0119 dzisiaj martwi\u0107 o jutro ?&nbsp;<\/p>\n\n\n\n<p class=\"has-text-align-center\">Mo\u017ce jutro b\u0119dzie wszystko jasne.&nbsp;<\/p>\n\n\n\n<p class=\"has-text-align-center\">Mo\u017ce jutro zab\u0142y\u015bnie ju\u017c s\u0142o\u0144ce.&nbsp;<\/p>\n\n\n\n<p class=\"has-text-align-center\">I nie b\u0119dzie \u017cadnego powodu do smutku.&nbsp;<\/p>\n\n\n\n<p class=\"has-text-align-center\">Od jutra b\u0119d\u0119 smutny, od jutra.&nbsp;<\/p>\n\n\n\n<p class=\"has-text-align-center\">Ale dzisiaj, dzisiaj b\u0119d\u0119 szcz\u0119\u015bliwy &nbsp;<\/p>\n\n\n\n<p class=\"has-text-align-center\">I powiem do ka\u017cdego smutnego dnia:&nbsp;<\/p>\n\n\n\n<p class=\"has-text-align-center\">Od jutra b\u0119d\u0119 smutny.&nbsp;<\/p>\n\n\n\n<p class=\"has-text-align-center\">Dzisiaj nie.&nbsp;<\/p>\n\n\n\n<p class=\"has-text-align-center\">&nbsp;<\/p>\n<cite>Wiersz napisany przez dziecko w gettcie w 1941 r.<\/cite><\/blockquote>\n\n\n\n<p><\/p>\n\n\n\n<p><\/p>\n<\/div>\n\n\n\n<p class=\"has-text-align-center has-medium-font-size\">Przed tablicami umieszczona zosta\u0142a r\u00f3wnie\u017c metalowa \u015bwieca chanukowa, zapalana z okazji \u017cydowskiego \u015awi\u0119ta \u015awiate\u0142.&nbsp;Na chwil\u0119 obecn\u0105 jest to jedyne miejsce pami\u0119ci po\u015bwi\u0119cone jego wi\u0119\u017aniom, kt\u00f3re znajduj\u0119 si\u0119 na terenie by\u0142ego obozu. Pomnik jest&nbsp;cyklicznie odwiedzany przez liczne wycieczki z Izraela, Stan\u00f3w Zjednoczonych i z Polski. <\/p>\n\n\n\n<figure data-wp-context=\"{ &quot;core&quot;:\n\t\t\t\t{ &quot;image&quot;:\n\t\t\t\t\t{   &quot;imageLoaded&quot;: false,\n\t\t\t\t\t\t&quot;initialized&quot;: false,\n\t\t\t\t\t\t&quot;lightboxEnabled&quot;: false,\n\t\t\t\t\t\t&quot;hideAnimationEnabled&quot;: false,\n\t\t\t\t\t\t&quot;preloadInitialized&quot;: false,\n\t\t\t\t\t\t&quot;lightboxAnimation&quot;: &quot;zoom&quot;,\n\t\t\t\t\t\t&quot;imageUploadedSrc&quot;: &quot;https:\/\/www.hasag.pl\/wp-content\/uploads\/2024\/02\/IMG_0087-scaled.jpg&quot;,\n\t\t\t\t\t\t&quot;imageCurrentSrc&quot;: &quot;&quot;,\n\t\t\t\t\t\t&quot;targetWidth&quot;: &quot;2560&quot;,\n\t\t\t\t\t\t&quot;targetHeight&quot;: &quot;1920&quot;,\n\t\t\t\t\t\t&quot;scaleAttr&quot;: &quot;&quot;,\n\t\t\t\t\t\t&quot;dialogLabel&quot;: &quot;Powi\u0119kszony obrazek&quot;\n\t\t\t\t\t}\n\t\t\t\t}\n\t\t\t}\" data-wp-interactive class=\"wp-block-image size-large wp-lightbox-container\"><img loading=\"lazy\" decoding=\"async\" width=\"1024\" height=\"768\" data-wp-effect--setStylesOnResize=\"effects.core.image.setStylesOnResize\" data-wp-effect=\"effects.core.image.setButtonStyles\" data-wp-init=\"effects.core.image.initOriginImage\" data-wp-on--click=\"actions.core.image.showLightbox\" data-wp-on--load=\"actions.core.image.handleLoad\" src=\"https:\/\/www.hasag.pl\/wp-content\/uploads\/2024\/02\/IMG_0087-1024x768.jpg\" alt=\"\" class=\"wp-image-489\" srcset=\"https:\/\/www.hasag.pl\/wp-content\/uploads\/2024\/02\/IMG_0087-1024x768.jpg 1024w, https:\/\/www.hasag.pl\/wp-content\/uploads\/2024\/02\/IMG_0087-300x225.jpg 300w, https:\/\/www.hasag.pl\/wp-content\/uploads\/2024\/02\/IMG_0087-768x576.jpg 768w, https:\/\/www.hasag.pl\/wp-content\/uploads\/2024\/02\/IMG_0087-1536x1152.jpg 1536w, https:\/\/www.hasag.pl\/wp-content\/uploads\/2024\/02\/IMG_0087-2048x1536.jpg 2048w\" sizes=\"(max-width: 1024px) 100vw, 1024px\" \/><button\n\t\t\tclass=\"lightbox-trigger\"\n\t\t\ttype=\"button\"\n\t\t\taria-haspopup=\"dialog\"\n\t\t\taria-label=\"Powi\u0119ksz obrazek\"\n\t\t\tdata-wp-on--click=\"actions.core.image.showLightbox\"\n\t\t\tdata-wp-style--right=\"context.core.image.imageButtonRight\"\n\t\t\tdata-wp-style--top=\"context.core.image.imageButtonTop\"\n\t\t>\n\t\t\t<svg xmlns=\"http:\/\/www.w3.org\/2000\/svg\" width=\"12\" height=\"12\" fill=\"none\" viewBox=\"0 0 12 12\">\n\t\t\t\t<path fill=\"#fff\" d=\"M2 0a2 2 0 0 0-2 2v2h1.5V2a.5.5 0 0 1 .5-.5h2V0H2Zm2 10.5H2a.5.5 0 0 1-.5-.5V8H0v2a2 2 0 0 0 2 2h2v-1.5ZM8 12v-1.5h2a.5.5 0 0 0 .5-.5V8H12v2a2 2 0 0 1-2 2H8Zm2-12a2 2 0 0 1 2 2v2h-1.5V2a.5.5 0 0 0-.5-.5H8V0h2Z\" \/>\n\t\t\t<\/svg>\n\t\t<\/button>        <div data-wp-body=\"\" class=\"wp-lightbox-overlay zoom\"\n            data-wp-bind--role=\"selectors.core.image.roleAttribute\"\n            data-wp-bind--aria-label=\"selectors.core.image.dialogLabel\"\n            data-wp-class--initialized=\"context.core.image.initialized\"\n            data-wp-class--active=\"context.core.image.lightboxEnabled\"\n            data-wp-class--hideAnimationEnabled=\"context.core.image.hideAnimationEnabled\"\n            data-wp-bind--aria-modal=\"selectors.core.image.ariaModal\"\n            data-wp-effect=\"effects.core.image.initLightbox\"\n            data-wp-on--keydown=\"actions.core.image.handleKeydown\"\n            data-wp-on--touchstart=\"actions.core.image.handleTouchStart\"\n            data-wp-on--touchmove=\"actions.core.image.handleTouchMove\"\n            data-wp-on--touchend=\"actions.core.image.handleTouchEnd\"\n            data-wp-on--click=\"actions.core.image.hideLightbox\"\n            tabindex=\"-1\"\n            >\n                <button type=\"button\" aria-label=\"Zamknij\" style=\"fill: #000\" class=\"close-button\" data-wp-on--click=\"actions.core.image.hideLightbox\">\n                    <svg xmlns=\"http:\/\/www.w3.org\/2000\/svg\" viewBox=\"0 0 24 24\" width=\"20\" height=\"20\" aria-hidden=\"true\" focusable=\"false\"><path d=\"M13 11.8l6.1-6.3-1-1-6.1 6.2-6.1-6.2-1 1 6.1 6.3-6.5 6.7 1 1 6.5-6.6 6.5 6.6 1-1z\"><\/path><\/svg>\n                <\/button>\n                <div class=\"lightbox-image-container\">\n<figure class=\"wp-block-image size-large responsive-image\"><img decoding=\"async\" data-wp-bind--src=\"context.core.image.imageCurrentSrc\" data-wp-style--object-fit=\"selectors.core.image.lightboxObjectFit\" src=\"\" alt=\"\" class=\"wp-image-489\"\/><\/figure>\n<\/div>\n                <div class=\"lightbox-image-container\">\n<figure class=\"wp-block-image size-large enlarged-image\"><img decoding=\"async\" data-wp-bind--src=\"selectors.core.image.enlargedImgSrc\" data-wp-style--object-fit=\"selectors.core.image.lightboxObjectFit\" src=\"\" alt=\"\" class=\"wp-image-489\"\/><\/figure>\n<\/div>\n                <div class=\"scrim\" style=\"background-color: #fff\" aria-hidden=\"true\"><\/div>\n        <\/div><\/figure>\n\n\n\n<p class=\"has-text-align-center has-medium-font-size\">Miejsce pami\u0119ci, stan na luty 2024 r. Fot. K. Langier<\/p>\n\n\n<div class=\"wp-block-image is-style-rounded\">\n<figure data-wp-context=\"{ &quot;core&quot;:\n\t\t\t\t{ &quot;image&quot;:\n\t\t\t\t\t{   &quot;imageLoaded&quot;: false,\n\t\t\t\t\t\t&quot;initialized&quot;: false,\n\t\t\t\t\t\t&quot;lightboxEnabled&quot;: false,\n\t\t\t\t\t\t&quot;hideAnimationEnabled&quot;: false,\n\t\t\t\t\t\t&quot;preloadInitialized&quot;: false,\n\t\t\t\t\t\t&quot;lightboxAnimation&quot;: &quot;zoom&quot;,\n\t\t\t\t\t\t&quot;imageUploadedSrc&quot;: &quot;https:\/\/www.hasag.pl\/wp-content\/uploads\/2024\/02\/IMG_0088-scaled.jpg&quot;,\n\t\t\t\t\t\t&quot;imageCurrentSrc&quot;: &quot;&quot;,\n\t\t\t\t\t\t&quot;targetWidth&quot;: &quot;1783&quot;,\n\t\t\t\t\t\t&quot;targetHeight&quot;: &quot;2560&quot;,\n\t\t\t\t\t\t&quot;scaleAttr&quot;: &quot;&quot;,\n\t\t\t\t\t\t&quot;dialogLabel&quot;: &quot;Powi\u0119kszony obrazek&quot;\n\t\t\t\t\t}\n\t\t\t\t}\n\t\t\t}\" data-wp-interactive class=\"aligncenter size-large wp-lightbox-container\"><img loading=\"lazy\" decoding=\"async\" width=\"713\" height=\"1024\" data-wp-effect--setStylesOnResize=\"effects.core.image.setStylesOnResize\" data-wp-effect=\"effects.core.image.setButtonStyles\" data-wp-init=\"effects.core.image.initOriginImage\" data-wp-on--click=\"actions.core.image.showLightbox\" data-wp-on--load=\"actions.core.image.handleLoad\" src=\"https:\/\/www.hasag.pl\/wp-content\/uploads\/2024\/02\/IMG_0088-713x1024.jpg\" alt=\"\" class=\"wp-image-490\" srcset=\"https:\/\/www.hasag.pl\/wp-content\/uploads\/2024\/02\/IMG_0088-713x1024.jpg 713w, https:\/\/www.hasag.pl\/wp-content\/uploads\/2024\/02\/IMG_0088-209x300.jpg 209w, https:\/\/www.hasag.pl\/wp-content\/uploads\/2024\/02\/IMG_0088-768x1103.jpg 768w, https:\/\/www.hasag.pl\/wp-content\/uploads\/2024\/02\/IMG_0088-1070x1536.jpg 1070w, https:\/\/www.hasag.pl\/wp-content\/uploads\/2024\/02\/IMG_0088-1426x2048.jpg 1426w, https:\/\/www.hasag.pl\/wp-content\/uploads\/2024\/02\/IMG_0088-scaled.jpg 1783w\" sizes=\"(max-width: 713px) 100vw, 713px\" \/><button\n\t\t\tclass=\"lightbox-trigger\"\n\t\t\ttype=\"button\"\n\t\t\taria-haspopup=\"dialog\"\n\t\t\taria-label=\"Powi\u0119ksz obrazek\"\n\t\t\tdata-wp-on--click=\"actions.core.image.showLightbox\"\n\t\t\tdata-wp-style--right=\"context.core.image.imageButtonRight\"\n\t\t\tdata-wp-style--top=\"context.core.image.imageButtonTop\"\n\t\t>\n\t\t\t<svg xmlns=\"http:\/\/www.w3.org\/2000\/svg\" width=\"12\" height=\"12\" fill=\"none\" viewBox=\"0 0 12 12\">\n\t\t\t\t<path fill=\"#fff\" d=\"M2 0a2 2 0 0 0-2 2v2h1.5V2a.5.5 0 0 1 .5-.5h2V0H2Zm2 10.5H2a.5.5 0 0 1-.5-.5V8H0v2a2 2 0 0 0 2 2h2v-1.5ZM8 12v-1.5h2a.5.5 0 0 0 .5-.5V8H12v2a2 2 0 0 1-2 2H8Zm2-12a2 2 0 0 1 2 2v2h-1.5V2a.5.5 0 0 0-.5-.5H8V0h2Z\" \/>\n\t\t\t<\/svg>\n\t\t<\/button>        <div data-wp-body=\"\" class=\"wp-lightbox-overlay zoom\"\n            data-wp-bind--role=\"selectors.core.image.roleAttribute\"\n            data-wp-bind--aria-label=\"selectors.core.image.dialogLabel\"\n            data-wp-class--initialized=\"context.core.image.initialized\"\n            data-wp-class--active=\"context.core.image.lightboxEnabled\"\n            data-wp-class--hideAnimationEnabled=\"context.core.image.hideAnimationEnabled\"\n            data-wp-bind--aria-modal=\"selectors.core.image.ariaModal\"\n            data-wp-effect=\"effects.core.image.initLightbox\"\n            data-wp-on--keydown=\"actions.core.image.handleKeydown\"\n            data-wp-on--touchstart=\"actions.core.image.handleTouchStart\"\n            data-wp-on--touchmove=\"actions.core.image.handleTouchMove\"\n            data-wp-on--touchend=\"actions.core.image.handleTouchEnd\"\n            data-wp-on--click=\"actions.core.image.hideLightbox\"\n            tabindex=\"-1\"\n            >\n                <button type=\"button\" aria-label=\"Zamknij\" style=\"fill: #000\" class=\"close-button\" data-wp-on--click=\"actions.core.image.hideLightbox\">\n                    <svg xmlns=\"http:\/\/www.w3.org\/2000\/svg\" viewBox=\"0 0 24 24\" width=\"20\" height=\"20\" aria-hidden=\"true\" focusable=\"false\"><path d=\"M13 11.8l6.1-6.3-1-1-6.1 6.2-6.1-6.2-1 1 6.1 6.3-6.5 6.7 1 1 6.5-6.6 6.5 6.6 1-1z\"><\/path><\/svg>\n                <\/button>\n                <div class=\"lightbox-image-container\"><div class=\"wp-block-image is-style-rounded\">\n<figure class=\"aligncenter size-large responsive-image\"><img decoding=\"async\" data-wp-bind--src=\"context.core.image.imageCurrentSrc\" data-wp-style--object-fit=\"selectors.core.image.lightboxObjectFit\" src=\"\" alt=\"\" class=\"wp-image-490\"\/><\/figure><\/div><\/div>\n                <div class=\"lightbox-image-container\"><div class=\"wp-block-image is-style-rounded\">\n<figure class=\"aligncenter size-large enlarged-image\"><img decoding=\"async\" data-wp-bind--src=\"selectors.core.image.enlargedImgSrc\" data-wp-style--object-fit=\"selectors.core.image.lightboxObjectFit\" src=\"\" alt=\"\" class=\"wp-image-490\"\/><\/figure><\/div><\/div>\n                <div class=\"scrim\" style=\"background-color: #fff\" aria-hidden=\"true\"><\/div>\n        <\/div><\/figure><\/div>\n\n\n<p class=\"has-text-align-center has-medium-font-size\">Fot. K. Langier<\/p>\n\n\n\n<figure data-wp-context=\"{ &quot;core&quot;:\n\t\t\t\t{ &quot;image&quot;:\n\t\t\t\t\t{   &quot;imageLoaded&quot;: false,\n\t\t\t\t\t\t&quot;initialized&quot;: false,\n\t\t\t\t\t\t&quot;lightboxEnabled&quot;: false,\n\t\t\t\t\t\t&quot;hideAnimationEnabled&quot;: false,\n\t\t\t\t\t\t&quot;preloadInitialized&quot;: false,\n\t\t\t\t\t\t&quot;lightboxAnimation&quot;: &quot;zoom&quot;,\n\t\t\t\t\t\t&quot;imageUploadedSrc&quot;: &quot;https:\/\/www.hasag.pl\/wp-content\/uploads\/2024\/02\/28060855_10157059801635130_694009737377603529_o-1.jpg&quot;,\n\t\t\t\t\t\t&quot;imageCurrentSrc&quot;: &quot;&quot;,\n\t\t\t\t\t\t&quot;targetWidth&quot;: &quot;1440&quot;,\n\t\t\t\t\t\t&quot;targetHeight&quot;: &quot;1080&quot;,\n\t\t\t\t\t\t&quot;scaleAttr&quot;: &quot;&quot;,\n\t\t\t\t\t\t&quot;dialogLabel&quot;: &quot;Powi\u0119kszony obrazek&quot;\n\t\t\t\t\t}\n\t\t\t\t}\n\t\t\t}\" data-wp-interactive class=\"wp-block-image size-large is-resized wp-lightbox-container\"><img loading=\"lazy\" decoding=\"async\" width=\"1024\" height=\"768\" data-wp-effect--setStylesOnResize=\"effects.core.image.setStylesOnResize\" data-wp-effect=\"effects.core.image.setButtonStyles\" data-wp-init=\"effects.core.image.initOriginImage\" data-wp-on--click=\"actions.core.image.showLightbox\" data-wp-on--load=\"actions.core.image.handleLoad\" src=\"https:\/\/www.hasag.pl\/wp-content\/uploads\/2024\/02\/28060855_10157059801635130_694009737377603529_o-1-1024x768.jpg\" alt=\"\" class=\"wp-image-492\" style=\"width:840px;height:auto\" srcset=\"https:\/\/www.hasag.pl\/wp-content\/uploads\/2024\/02\/28060855_10157059801635130_694009737377603529_o-1-1024x768.jpg 1024w, https:\/\/www.hasag.pl\/wp-content\/uploads\/2024\/02\/28060855_10157059801635130_694009737377603529_o-1-300x225.jpg 300w, https:\/\/www.hasag.pl\/wp-content\/uploads\/2024\/02\/28060855_10157059801635130_694009737377603529_o-1-768x576.jpg 768w, https:\/\/www.hasag.pl\/wp-content\/uploads\/2024\/02\/28060855_10157059801635130_694009737377603529_o-1.jpg 1440w\" sizes=\"(max-width: 1024px) 100vw, 1024px\" \/><button\n\t\t\tclass=\"lightbox-trigger\"\n\t\t\ttype=\"button\"\n\t\t\taria-haspopup=\"dialog\"\n\t\t\taria-label=\"Powi\u0119ksz obrazek\"\n\t\t\tdata-wp-on--click=\"actions.core.image.showLightbox\"\n\t\t\tdata-wp-style--right=\"context.core.image.imageButtonRight\"\n\t\t\tdata-wp-style--top=\"context.core.image.imageButtonTop\"\n\t\t>\n\t\t\t<svg xmlns=\"http:\/\/www.w3.org\/2000\/svg\" width=\"12\" height=\"12\" fill=\"none\" viewBox=\"0 0 12 12\">\n\t\t\t\t<path fill=\"#fff\" d=\"M2 0a2 2 0 0 0-2 2v2h1.5V2a.5.5 0 0 1 .5-.5h2V0H2Zm2 10.5H2a.5.5 0 0 1-.5-.5V8H0v2a2 2 0 0 0 2 2h2v-1.5ZM8 12v-1.5h2a.5.5 0 0 0 .5-.5V8H12v2a2 2 0 0 1-2 2H8Zm2-12a2 2 0 0 1 2 2v2h-1.5V2a.5.5 0 0 0-.5-.5H8V0h2Z\" \/>\n\t\t\t<\/svg>\n\t\t<\/button>        <div data-wp-body=\"\" class=\"wp-lightbox-overlay zoom\"\n            data-wp-bind--role=\"selectors.core.image.roleAttribute\"\n            data-wp-bind--aria-label=\"selectors.core.image.dialogLabel\"\n            data-wp-class--initialized=\"context.core.image.initialized\"\n            data-wp-class--active=\"context.core.image.lightboxEnabled\"\n            data-wp-class--hideAnimationEnabled=\"context.core.image.hideAnimationEnabled\"\n            data-wp-bind--aria-modal=\"selectors.core.image.ariaModal\"\n            data-wp-effect=\"effects.core.image.initLightbox\"\n            data-wp-on--keydown=\"actions.core.image.handleKeydown\"\n            data-wp-on--touchstart=\"actions.core.image.handleTouchStart\"\n            data-wp-on--touchmove=\"actions.core.image.handleTouchMove\"\n            data-wp-on--touchend=\"actions.core.image.handleTouchEnd\"\n            data-wp-on--click=\"actions.core.image.hideLightbox\"\n            tabindex=\"-1\"\n            >\n                <button type=\"button\" aria-label=\"Zamknij\" style=\"fill: #000\" class=\"close-button\" data-wp-on--click=\"actions.core.image.hideLightbox\">\n                    <svg xmlns=\"http:\/\/www.w3.org\/2000\/svg\" viewBox=\"0 0 24 24\" width=\"20\" height=\"20\" aria-hidden=\"true\" focusable=\"false\"><path d=\"M13 11.8l6.1-6.3-1-1-6.1 6.2-6.1-6.2-1 1 6.1 6.3-6.5 6.7 1 1 6.5-6.6 6.5 6.6 1-1z\"><\/path><\/svg>\n                <\/button>\n                <div class=\"lightbox-image-container\">\n<figure class=\"wp-block-image size-large is-resized responsive-image\"><img decoding=\"async\" data-wp-bind--src=\"context.core.image.imageCurrentSrc\" data-wp-style--object-fit=\"selectors.core.image.lightboxObjectFit\" src=\"\" alt=\"\" class=\"wp-image-492\" style=\"width:840px;height:auto\"\/><\/figure>\n<\/div>\n                <div class=\"lightbox-image-container\">\n<figure class=\"wp-block-image size-large is-resized enlarged-image\"><img decoding=\"async\" data-wp-bind--src=\"selectors.core.image.enlargedImgSrc\" data-wp-style--object-fit=\"selectors.core.image.lightboxObjectFit\" src=\"\" alt=\"\" class=\"wp-image-492\" style=\"width:840px;height:auto\"\/><\/figure>\n<\/div>\n                <div class=\"scrim\" style=\"background-color: #fff\" aria-hidden=\"true\"><\/div>\n        <\/div><\/figure>\n\n\n\n<p class=\"has-text-align-center has-medium-font-size\">Wycieczka grupy polskich instruktor\u00f3w z Izraela, przyprowadzona do HASAG-u Apparatebau przez Pana Alona Goldmana, celem szkolenia i poznania historii Cz\u0119stochowy, 2018 r.                                                                    \u0179r\u00f3d\u0142o: www.czestochowajews.pl<\/p>\n\n\n<ol class=\"wp-block-footnotes\"><li id=\"df1580c1-9b02-43d1-9ca6-6e762a7a288b\">Pierwsza tablica r\u00f3wnie\u017c  wykonana by\u0142a z marmuru. Niestety uleg\u0142a dewastacji i w jej miejscu w 2018 roku zosta\u0142a wstawiona nowa tablica z tworzywa sztucznego. <a href=\"#df1580c1-9b02-43d1-9ca6-6e762a7a288b-link\" aria-label=\"Przejd\u017a do przypisu 1\">\u21a9\ufe0e<\/a><\/li><\/ol>","protected":false},"excerpt":{"rendered":"<p>Tablica pami\u0105tkowa W 2009 roku z inicjatywy by\u0142ego wi\u0119\u017ania obozu Zygmunta Rolata oraz dzi\u0119ki dofinansowaniu Krzysztofa Strausa i Henryka Libickiego powsta\u0142a okaza\u0142ych rozmiar\u00f3w pami\u0105tkowa marmurowa tablica, umieszczona na jednej ze \u015bcian budynku, kt\u00f3ry w czasie wojny funkcjonowa\u0142 jako budynek dzia\u0142u gospodarczego. Tablica upami\u0119tnia m\u0119cze\u0144stwo \u017cyd\u00f3w w obozie pracy HASAG Apparatebau [&hellip;]<\/p>\n","protected":false},"author":1,"featured_media":0,"parent":0,"menu_order":0,"comment_status":"closed","ping_status":"closed","template":"","meta":{"_acf_changed":false,"_monsterinsights_skip_tracking":false,"_monsterinsights_sitenote_active":false,"_monsterinsights_sitenote_note":"","_monsterinsights_sitenote_category":0,"footnotes":"[{\"content\":\"Pierwsza tablica r\u00f3wnie\u017c  wykonana by\u0142a z marmuru. Niestety uleg\u0142a dewastacji i w jej miejscu w 2018 roku zosta\u0142a wstawiona nowa tablica z tworzywa sztucznego.\",\"id\":\"df1580c1-9b02-43d1-9ca6-6e762a7a288b\"}]"},"acf":[],"_links":{"self":[{"href":"https:\/\/www.hasag.pl\/index.php?rest_route=\/wp\/v2\/pages\/185"}],"collection":[{"href":"https:\/\/www.hasag.pl\/index.php?rest_route=\/wp\/v2\/pages"}],"about":[{"href":"https:\/\/www.hasag.pl\/index.php?rest_route=\/wp\/v2\/types\/page"}],"author":[{"embeddable":true,"href":"https:\/\/www.hasag.pl\/index.php?rest_route=\/wp\/v2\/users\/1"}],"replies":[{"embeddable":true,"href":"https:\/\/www.hasag.pl\/index.php?rest_route=%2Fwp%2Fv2%2Fcomments&post=185"}],"version-history":[{"count":30,"href":"https:\/\/www.hasag.pl\/index.php?rest_route=\/wp\/v2\/pages\/185\/revisions"}],"predecessor-version":[{"id":2526,"href":"https:\/\/www.hasag.pl\/index.php?rest_route=\/wp\/v2\/pages\/185\/revisions\/2526"}],"wp:attachment":[{"href":"https:\/\/www.hasag.pl\/index.php?rest_route=%2Fwp%2Fv2%2Fmedia&parent=185"}],"curies":[{"name":"wp","href":"https:\/\/api.w.org\/{rel}","templated":true}]}}